{"id":231,"date":"2016-11-10T12:02:51","date_gmt":"2016-11-10T17:02:51","guid":{"rendered":"https:\/\/raratheme.com\/preview\/numinous\/?page_id=207"},"modified":"2021-05-31T16:36:14","modified_gmt":"2021-05-31T21:36:14","slug":"about-us","status":"publish","type":"page","link":"https:\/\/www.slingshotmarketplace.com\/es\/about-us\/","title":{"rendered":"Sobre Nosotros"},"content":{"rendered":"<div data-elementor-type=\"wp-page\" data-elementor-id=\"231\" class=\"elementor elementor-231\">\n\t\t\t\t\t\t<div class=\"elementor-inner\">\n\t\t\t\t<div class=\"elementor-section-wrap\">\n\t\t\t\t\t\t\t\t\t<section class=\"elementor-section elementor-top-section elementor-element elementor-element-213bbfa elementor-section-full_width elementor-section-height-default elementor-section-height-default\" data-id=\"213bbfa\" data-element_type=\"section\">\n\t\t\t\t\t\t\t<div class=\"elementor-background-overlay\"><\/div>\n\t\t\t\t\t\t\t<div class=\"elementor-container elementor-column-gap-default\">\n\t\t\t\t\t\t\t<div class=\"elementor-row\">\n\t\t\t\t\t<div class=\"elementor-column elementor-col-100 elementor-top-column elementor-element elementor-element-7c3365f\" data-id=\"7c3365f\" data-element_type=\"column\">\n\t\t\t<div class=\"elementor-column-wrap\">\n\t\t\t\t\t\t\t<div class=\"elementor-widget-wrap\">\n\t\t\t\t\t\t\t\t<\/div>\n\t\t\t\t\t<\/div>\n\t\t<\/div>\n\t\t\t\t\t\t\t\t<\/div>\n\t\t\t\t\t<\/div>\n\t\t<\/section>\n\t\t\t\t<section class=\"elementor-section elementor-top-section elementor-element elementor-element-9929539 elementor-section-boxed elementor-section-height-default elementor-section-height-default\" data-id=\"9929539\" data-element_type=\"section\">\n\t\t\t\t\t\t<div class=\"elementor-container elementor-column-gap-default\">\n\t\t\t\t\t\t\t<div class=\"elementor-row\">\n\t\t\t\t\t<div class=\"elementor-column elementor-col-100 elementor-top-column elementor-element elementor-element-5fc7f12\" data-id=\"5fc7f12\" data-element_type=\"column\">\n\t\t\t<div class=\"elementor-column-wrap elementor-element-populated\">\n\t\t\t\t\t\t\t<div class=\"elementor-widget-wrap\">\n\t\t\t\t\t\t<div class=\"elementor-element elementor-element-31ba890 elementor-widget elementor-widget-spacer\" data-id=\"31ba890\" data-element_type=\"widget\" data-widget_type=\"spacer.default\">\n\t\t\t\t<div class=\"elementor-widget-container\">\n\t\t\t\t\t<div class=\"elementor-spacer\">\n\t\t\t<div class=\"elementor-spacer-inner\"><\/div>\n\t\t<\/div>\n\t\t\t\t<\/div>\n\t\t\t\t<\/div>\n\t\t\t\t<section class=\"elementor-section elementor-inner-section elementor-element elementor-element-a48d81d elementor-section-boxed elementor-section-height-default elementor-section-height-default\" data-id=\"a48d81d\" data-element_type=\"section\">\n\t\t\t\t\t\t<div class=\"elementor-container elementor-column-gap-default\">\n\t\t\t\t\t\t\t<div class=\"elementor-row\">\n\t\t\t\t\t<div class=\"elementor-column elementor-col-50 elementor-inner-column elementor-element elementor-element-189f275\" data-id=\"189f275\" data-element_type=\"column\">\n\t\t\t<div class=\"elementor-column-wrap elementor-element-populated\">\n\t\t\t\t\t\t\t<div class=\"elementor-widget-wrap\">\n\t\t\t\t\t\t<div class=\"elementor-element elementor-element-7416817 elementor-widget elementor-widget-heading\" data-id=\"7416817\" data-element_type=\"widget\" data-widget_type=\"heading.default\">\n\t\t\t\t<div class=\"elementor-widget-container\">\n\t\t\t<h2 class=\"elementor-heading-title elementor-size-default\">Sobre Nosotros<\/h2>\t\t<\/div>\n\t\t\t\t<\/div>\n\t\t\t\t<div class=\"elementor-element elementor-element-be7d088 elementor-widget elementor-widget-heading\" data-id=\"be7d088\" data-element_type=\"widget\" data-widget_type=\"heading.default\">\n\t\t\t\t<div class=\"elementor-widget-container\">\n\t\t\t<h3 class=\"elementor-heading-title elementor-size-default\">Slingshot es una plataforma para que Colegios y Anfitriones establezcan f\u00e1cil y efectivamente una feria para ni\u00f1os y j\u00f3venes emprendedores.<\/h3>\t\t<\/div>\n\t\t\t\t<\/div>\n\t\t\t\t<div class=\"elementor-element elementor-element-373e5bc elementor-widget elementor-widget-text-editor\" data-id=\"373e5bc\" data-element_type=\"widget\" data-widget_type=\"text-editor.default\">\n\t\t\t\t<div class=\"elementor-widget-container\">\n\t\t\t\t\t\t\t\t<div class=\"elementor-text-editor elementor-clearfix\">\n\t\t\t\t<p>Slingshot naci\u00f3 con el entusiasmo por fomentar el emprendimiento desde temprana edad para desarrollar el esp\u00edritu e impulsar el \u00e9xito de j\u00f3venes emprendedores. Fue creado con del deseo de alentar a los ni\u00f1os a invertir su tiempo en actividades creativas y positivas.<\/p>\t\t\t\t\t<\/div>\n\t\t\t\t\t\t<\/div>\n\t\t\t\t<\/div>\n\t\t\t\t<div class=\"elementor-element elementor-element-9ca3a5c elementor-widget elementor-widget-text-editor\" data-id=\"9ca3a5c\" data-element_type=\"widget\" data-widget_type=\"text-editor.default\">\n\t\t\t\t<div class=\"elementor-widget-container\">\n\t\t\t\t\t\t\t\t<div class=\"elementor-text-editor elementor-clearfix\">\n\t\t\t\t<p>Nuestro objetivo es motivar a ni\u00f1os y j\u00f3venes emprendedores a reconocer sus ideas y convertirlas en acci\u00f3n a trav\u00e9s del juego interactivo y una experiencia empresarial real. Slingshot busca ense\u00f1ar a los ni\u00f1os y j\u00f3venes principios de negocios mientras se divierten.<\/p>\t\t\t\t\t<\/div>\n\t\t\t\t\t\t<\/div>\n\t\t\t\t<\/div>\n\t\t\t\t\t\t<\/div>\n\t\t\t\t\t<\/div>\n\t\t<\/div>\n\t\t\t\t<div class=\"elementor-column elementor-col-50 elementor-inner-column elementor-element elementor-element-4ab6d7e\" data-id=\"4ab6d7e\" data-element_type=\"column\">\n\t\t\t<div class=\"elementor-column-wrap elementor-element-populated\">\n\t\t\t\t\t\t\t<div class=\"elementor-widget-wrap\">\n\t\t\t\t\t\t<div class=\"elementor-element elementor-element-ded12a7 elementor-widget elementor-widget-image\" data-id=\"ded12a7\" data-element_type=\"widget\" data-widget_type=\"image.default\">\n\t\t\t\t<div class=\"elementor-widget-container\">\n\t\t\t\t\t\t\t\t<div class=\"elementor-image\">\n\t\t\t\t\t\t\t\t\t\t\t\t<img width=\"1024\" height=\"768\" src=\"https:\/\/www.slingshotmarketplace.com\/wp-content\/uploads\/2020\/11\/40097975883_c6f5c8bdb9_o-1-1024x768.jpg\" class=\"attachment-large size-large wp-image-752\" alt=\"About us slingshot\" loading=\"lazy\" srcset=\"https:\/\/www.slingshotmarketplace.com\/wp-content\/uploads\/2020\/11\/40097975883_c6f5c8bdb9_o-1-1024x768.jpg 1024w, https:\/\/www.slingshotmarketplace.com\/wp-content\/uploads\/2020\/11\/40097975883_c6f5c8bdb9_o-1-300x225.jpg 300w, https:\/\/www.slingshotmarketplace.com\/wp-content\/uploads\/2020\/11\/40097975883_c6f5c8bdb9_o-1-768x576.jpg 768w, https:\/\/www.slingshotmarketplace.com\/wp-content\/uploads\/2020\/11\/40097975883_c6f5c8bdb9_o-1-1536x1152.jpg 1536w, https:\/\/www.slingshotmarketplace.com\/wp-content\/uploads\/2020\/11\/40097975883_c6f5c8bdb9_o-1-2048x1536.jpg 2048w, https:\/\/www.slingshotmarketplace.com\/wp-content\/uploads\/2020\/11\/40097975883_c6f5c8bdb9_o-1-16x12.jpg 16w, https:\/\/www.slingshotmarketplace.com\/wp-content\/uploads\/2020\/11\/40097975883_c6f5c8bdb9_o-1-1200x900.jpg 1200w, https:\/\/www.slingshotmarketplace.com\/wp-content\/uploads\/2020\/11\/40097975883_c6f5c8bdb9_o-1-800x600.jpg 800w, https:\/\/www.slingshotmarketplace.com\/wp-content\/uploads\/2020\/11\/40097975883_c6f5c8bdb9_o-1-1440x1080.jpg 1440w\" sizes=\"(max-width: 1024px) 100vw, 1024px\" \/>\t\t\t\t\t\t\t\t\t\t\t\t\t\t<\/div>\n\t\t\t\t\t\t<\/div>\n\t\t\t\t<\/div>\n\t\t\t\t\t\t<\/div>\n\t\t\t\t\t<\/div>\n\t\t<\/div>\n\t\t\t\t\t\t\t\t<\/div>\n\t\t\t\t\t<\/div>\n\t\t<\/section>\n\t\t\t\t\t\t<\/div>\n\t\t\t\t\t<\/div>\n\t\t<\/div>\n\t\t\t\t\t\t\t\t<\/div>\n\t\t\t\t\t<\/div>\n\t\t<\/section>\n\t\t\t\t\t\t\t\t\t<\/div>\n\t\t\t<\/div>\n\t\t\t\t\t<\/div>","protected":false},"excerpt":{"rendered":"<p>About Us Slingshot is a platform for schools or individuals to effectively set-up a marketplace for young entrepreneurs. Slingshot was born from the enthusiasm to nurture entrepreneurship at early age to develop the spirit and drive necessary to succeed as an entrepreneur. It was created following the desire to encourage kids to invest their time in creative and positive activities. &hellip;<\/p>","protected":false},"author":1,"featured_media":946,"parent":0,"menu_order":0,"comment_status":"closed","ping_status":"closed","template":"templates\/page-full-width-flush.php","meta":[],"yoast_head":"<!-- This site is optimized with the Yoast SEO plugin v19.4 - https:\/\/yoast.com\/wordpress\/plugins\/seo\/ -->\n<title>About Us - Slingshot<\/title>\n<meta name=\"robots\" content=\"index, follow, max-snippet:-1, max-image-preview:large, max-video-preview:-1\" \/>\n<link rel=\"canonical\" href=\"https:\/\/www.slingshotmarketplace.com\/es\/about-us\/\" \/>\n<meta property=\"og:locale\" content=\"es_ES\" \/>\n<meta property=\"og:type\" content=\"article\" \/>\n<meta property=\"og:title\" content=\"About Us - Slingshot\" \/>\n<meta property=\"og:description\" content=\"About Us Slingshot is a platform for schools or individuals to effectively set-up a marketplace for young entrepreneurs. Slingshot was born from the enthusiasm to nurture entrepreneurship at early age to develop the spirit and drive necessary to succeed as an entrepreneur. It was created following the desire to encourage kids to invest their time in creative and positive activities. &hellip;\" \/>\n<meta property=\"og:url\" content=\"https:\/\/www.slingshotmarketplace.com\/es\/about-us\/\" \/>\n<meta property=\"og:site_name\" content=\"Slingshot\" \/>\n<meta property=\"article:modified_time\" content=\"2021-05-31T21:36:14+00:00\" \/>\n<meta property=\"og:image\" content=\"https:\/\/www.slingshotmarketplace.com\/wp-content\/uploads\/2020\/12\/about-us.jpg\" \/>\n\t<meta property=\"og:image:width\" content=\"1200\" \/>\n\t<meta property=\"og:image:height\" content=\"450\" \/>\n\t<meta property=\"og:image:type\" content=\"image\/jpeg\" \/>\n<meta name=\"twitter:card\" content=\"summary_large_image\" \/>\n<meta name=\"twitter:label1\" content=\"Tiempo de lectura\" \/>\n\t<meta name=\"twitter:data1\" content=\"1 minuto\" \/>\n<script type=\"application\/ld+json\" class=\"yoast-schema-graph\">{\"@context\":\"https:\/\/schema.org\",\"@graph\":[{\"@type\":\"WebSite\",\"@id\":\"https:\/\/www.slingshotmarketplace.com\/es\/#website\",\"url\":\"https:\/\/www.slingshotmarketplace.com\/es\/\",\"name\":\"Slingshot\",\"description\":\"a tool to set-up a marketplace for young entrepreneurs\",\"potentialAction\":[{\"@type\":\"SearchAction\",\"target\":{\"@type\":\"EntryPoint\",\"urlTemplate\":\"https:\/\/www.slingshotmarketplace.com\/es\/?s={search_term_string}\"},\"query-input\":\"required name=search_term_string\"}],\"inLanguage\":\"es\"},{\"@type\":\"WebPage\",\"@id\":\"https:\/\/www.slingshotmarketplace.com\/about-us\/\",\"url\":\"https:\/\/www.slingshotmarketplace.com\/about-us\/\",\"name\":\"About Us - Slingshot\",\"isPartOf\":{\"@id\":\"https:\/\/www.slingshotmarketplace.com\/es\/#website\"},\"datePublished\":\"2016-11-10T17:02:51+00:00\",\"dateModified\":\"2021-05-31T21:36:14+00:00\",\"breadcrumb\":{\"@id\":\"https:\/\/www.slingshotmarketplace.com\/about-us\/#breadcrumb\"},\"inLanguage\":\"es\",\"potentialAction\":[{\"@type\":\"ReadAction\",\"target\":[\"https:\/\/www.slingshotmarketplace.com\/about-us\/\"]}]},{\"@type\":\"BreadcrumbList\",\"@id\":\"https:\/\/www.slingshotmarketplace.com\/about-us\/#breadcrumb\",\"itemListElement\":[{\"@type\":\"ListItem\",\"position\":1,\"name\":\"Portada\",\"item\":\"https:\/\/www.slingshotmarketplace.com\/es\/\"},{\"@type\":\"ListItem\",\"position\":2,\"name\":\"About Us\"}]}]}<\/script>\n<!-- \/ Yoast SEO plugin. -->","yoast_head_json":{"title":"About Us - Slingshot","robots":{"index":"index","follow":"follow","max-snippet":"max-snippet:-1","max-image-preview":"max-image-preview:large","max-video-preview":"max-video-preview:-1"},"canonical":"https:\/\/www.slingshotmarketplace.com\/es\/about-us\/","og_locale":"es_ES","og_type":"article","og_title":"About Us - Slingshot","og_description":"About Us Slingshot is a platform for schools or individuals to effectively set-up a marketplace for young entrepreneurs. Slingshot was born from the enthusiasm to nurture entrepreneurship at early age to develop the spirit and drive necessary to succeed as an entrepreneur. It was created following the desire to encourage kids to invest their time in creative and positive activities. &hellip;","og_url":"https:\/\/www.slingshotmarketplace.com\/es\/about-us\/","og_site_name":"Slingshot","article_modified_time":"2021-05-31T21:36:14+00:00","og_image":[{"width":1200,"height":450,"url":"https:\/\/www.slingshotmarketplace.com\/wp-content\/uploads\/2020\/12\/about-us.jpg","type":"image\/jpeg"}],"twitter_card":"summary_large_image","twitter_misc":{"Tiempo de lectura":"1 minuto"},"schema":{"@context":"https:\/\/schema.org","@graph":[{"@type":"WebSite","@id":"https:\/\/www.slingshotmarketplace.com\/es\/#website","url":"https:\/\/www.slingshotmarketplace.com\/es\/","name":"Slingshot","description":"a tool to set-up a marketplace for young entrepreneurs","potentialAction":[{"@type":"SearchAction","target":{"@type":"EntryPoint","urlTemplate":"https:\/\/www.slingshotmarketplace.com\/es\/?s={search_term_string}"},"query-input":"required name=search_term_string"}],"inLanguage":"es"},{"@type":"WebPage","@id":"https:\/\/www.slingshotmarketplace.com\/about-us\/","url":"https:\/\/www.slingshotmarketplace.com\/about-us\/","name":"About Us - Slingshot","isPartOf":{"@id":"https:\/\/www.slingshotmarketplace.com\/es\/#website"},"datePublished":"2016-11-10T17:02:51+00:00","dateModified":"2021-05-31T21:36:14+00:00","breadcrumb":{"@id":"https:\/\/www.slingshotmarketplace.com\/about-us\/#breadcrumb"},"inLanguage":"es","potentialAction":[{"@type":"ReadAction","target":["https:\/\/www.slingshotmarketplace.com\/about-us\/"]}]},{"@type":"BreadcrumbList","@id":"https:\/\/www.slingshotmarketplace.com\/about-us\/#breadcrumb","itemListElement":[{"@type":"ListItem","position":1,"name":"Portada","item":"https:\/\/www.slingshotmarketplace.com\/es\/"},{"@type":"ListItem","position":2,"name":"About Us"}]}]}},"_links":{"self":[{"href":"https:\/\/www.slingshotmarketplace.com\/es\/wp-json\/wp\/v2\/pages\/231"}],"collection":[{"href":"https:\/\/www.slingshotmarketplace.com\/es\/wp-json\/wp\/v2\/pages"}],"about":[{"href":"https:\/\/www.slingshotmarketplace.com\/es\/wp-json\/wp\/v2\/types\/page"}],"author":[{"embeddable":true,"href":"https:\/\/www.slingshotmarketplace.com\/es\/wp-json\/wp\/v2\/users\/1"}],"replies":[{"embeddable":true,"href":"https:\/\/www.slingshotmarketplace.com\/es\/wp-json\/wp\/v2\/comments?post=231"}],"version-history":[{"count":21,"href":"https:\/\/www.slingshotmarketplace.com\/es\/wp-json\/wp\/v2\/pages\/231\/revisions"}],"predecessor-version":[{"id":947,"href":"https:\/\/www.slingshotmarketplace.com\/es\/wp-json\/wp\/v2\/pages\/231\/revisions\/947"}],"wp:featuredmedia":[{"embeddable":true,"href":"https:\/\/www.slingshotmarketplace.com\/es\/wp-json\/wp\/v2\/media\/946"}],"wp:attachment":[{"href":"https:\/\/www.slingshotmarketplace.com\/es\/wp-json\/wp\/v2\/media?parent=231"}],"curies":[{"name":"wp","href":"https:\/\/api.w.org\/{rel}","templated":true}]}}